{"id":28,"date":"2013-08-20T15:06:00","date_gmt":"2013-08-20T13:06:00","guid":{"rendered":"http:\/\/ecoledetaupier.com\/?page_id=28"},"modified":"2013-08-21T09:33:24","modified_gmt":"2013-08-21T07:33:24","slug":"a-propos","status":"publish","type":"page","link":"http:\/\/www.ecoledetaupier.com\/?page_id=28","title":{"rendered":"\u00c0 propos"},"content":{"rendered":"<p><a href=\"http:\/\/ecoledetaupier.com\/wp-content\/uploads\/2013\/08\/vincent_dubois_directeur_ecole_taupier.jpg\"><img loading=\"lazy\" decoding=\"async\" class=\"alignnone size-medium wp-image-36\" alt=\"vincent_dubois_directeur_ecole_taupier\" src=\"http:\/\/ecoledetaupier.com\/wp-content\/uploads\/2013\/08\/vincent_dubois_directeur_ecole_taupier-300x200.jpg\" width=\"300\" height=\"200\" srcset=\"http:\/\/www.ecoledetaupier.com\/wp-content\/uploads\/2013\/08\/vincent_dubois_directeur_ecole_taupier-300x200.jpg 300w, http:\/\/www.ecoledetaupier.com\/wp-content\/uploads\/2013\/08\/vincent_dubois_directeur_ecole_taupier.jpg 500w\" sizes=\"auto, (max-width: 300px) 100vw, 300px\" \/><\/a><\/p>\n<p><strong>DUBOIS VINCENT<\/strong><b><br \/>\n<\/b><a href=\"http:\/\/www.lestaupiersdantan.be\" target=\"_blank\">www.<wbr><\/wbr>lestaupiersdantan.be<\/a><br \/>\n<em><b>DIRECTEUR DE L\u2019\u00c9COLE<\/b><\/em><\/p>\n<p>C&rsquo;est avec\u00a0 une certaine \u00e9motion que je viens d&rsquo;accepter en plus du poste de formateur au m\u00e9tier de taupier et de destructeur de nuisibles par le pi\u00e9geage m\u00e9canique,la nomination par le conseil d&rsquo;administration de \u00ab\u00a0l&rsquo;Ecole Internationale de Formation de Taupier et R\u00e9gulateur des Nuisibles asbl\u00a0\u00bb en abr\u00e9g\u00e9 \u00ab\u00a0E.I.F.T.R.N. asbl\u00a0\u00bb la responsabilit\u00e9 de prendre en charge la direction de cette \u00e9cole de pi\u00e9geurs de la taupes-du rat taupier et autres nuisibles\u00a0qui peuvent \u00eatre captur\u00e9s ou \u00e9limin\u00e9s\u00a0par un pi\u00e9geage m\u00e9canique qui ne nuit pas \u00e0\u00a0la personne et \u00e0 l&rsquo;environnement.<\/p>\n<p>Cette nomination, je la d\u00e9die \u00e0 mon p\u00e8re Dubois Pierre ( le taupier d&rsquo;antan), lui qui m&rsquo;a tout appris sur le pi\u00e9geage de la taupe et du rat-taupier, ainsi que sur le respect de l&rsquo;animal,des clients faisant appel \u00e0 notre famille,et l&rsquo;environnement.<\/p>\n<p>N&rsquo;h\u00e9sitez pas \u00e0 nous contacter pour suivre nos formations<\/p>\n<p>Vincent DUBOIS<\/p>\n","protected":false},"excerpt":{"rendered":"<p>DUBOIS VINCENT www.lestaupiersdantan.be DIRECTEUR DE L\u2019\u00c9COLE C&rsquo;est avec\u00a0 une certaine \u00e9motion que je viens d&rsquo;accepter en plus du poste de formateur au m\u00e9tier de taupier et de destructeur de nuisibles par le pi\u00e9geage m\u00e9canique,la nomination par le conseil d&rsquo;administration de \u00ab\u00a0l&rsquo;Ecole Internationale de Formation de Taupier et R\u00e9gulateur des Nuisibles asbl\u00a0\u00bb en abr\u00e9g\u00e9 \u00ab\u00a0E.I.F.T.R.N. asbl\u00a0\u00bb &hellip; <a href=\"http:\/\/www.ecoledetaupier.com\/?page_id=28\" class=\"more-link\">Continuer la lecture de <span class=\"screen-reader-text\">\u00c0 propos<\/span> <span class=\"meta-nav\">&rarr;<\/span><\/a><\/p>\n","protected":false},"author":2,"featured_media":0,"parent":0,"menu_order":7,"comment_status":"closed","ping_status":"closed","template":"","meta":{"_monsterinsights_skip_tracking":false,"_monsterinsights_sitenote_active":false,"_monsterinsights_sitenote_note":"","_monsterinsights_sitenote_category":0,"footnotes":""},"class_list":["post-28","page","type-page","status-publish","hentry"],"_links":{"self":[{"href":"http:\/\/www.ecoledetaupier.com\/index.php?rest_route=\/wp\/v2\/pages\/28","targetHints":{"allow":["GET"]}}],"collection":[{"href":"http:\/\/www.ecoledetaupier.com\/index.php?rest_route=\/wp\/v2\/pages"}],"about":[{"href":"http:\/\/www.ecoledetaupier.com\/index.php?rest_route=\/wp\/v2\/types\/page"}],"author":[{"embeddable":true,"href":"http:\/\/www.ecoledetaupier.com\/index.php?rest_route=\/wp\/v2\/users\/2"}],"replies":[{"embeddable":true,"href":"http:\/\/www.ecoledetaupier.com\/index.php?rest_route=%2Fwp%2Fv2%2Fcomments&post=28"}],"version-history":[{"count":6,"href":"http:\/\/www.ecoledetaupier.com\/index.php?rest_route=\/wp\/v2\/pages\/28\/revisions"}],"predecessor-version":[{"id":41,"href":"http:\/\/www.ecoledetaupier.com\/index.php?rest_route=\/wp\/v2\/pages\/28\/revisions\/41"}],"wp:attachment":[{"href":"http:\/\/www.ecoledetaupier.com\/index.php?rest_route=%2Fwp%2Fv2%2Fmedia&parent=28"}],"curies":[{"name":"wp","href":"https:\/\/api.w.org\/{rel}","templated":true}]}}