{"id":24,"date":"2013-08-20T15:02:52","date_gmt":"2013-08-20T13:02:52","guid":{"rendered":"http:\/\/ecoledetaupier.com\/?page_id=24"},"modified":"2013-08-21T09:33:20","modified_gmt":"2013-08-21T07:33:20","slug":"trouvez-un-taupier-pres-de-chez-vous","status":"publish","type":"page","link":"http:\/\/www.ecoledetaupier.com\/?page_id=24","title":{"rendered":"Trouvez un taupier agr\u00e9\u00e9"},"content":{"rendered":"<p><em><strong>Compl\u00e9ter la demande le formulaire ci-dessous et nous le transmettrons gratuitement vers un de nos maitres taupiers certifi\u00e9s le plus pr\u00e9s de chez vous en Belgique, en France, en Suisse et au Luxembourg.<\/strong><\/em><\/p>\n\n<div class=\"wpcf7 no-js\" id=\"wpcf7-f32-o1\" lang=\"fr-FR\" dir=\"ltr\" data-wpcf7-id=\"32\">\n<div class=\"screen-reader-response\"><p role=\"status\" aria-live=\"polite\" aria-atomic=\"true\"><\/p> <ul><\/ul><\/div>\n<form action=\"\/index.php?rest_route=%2Fwp%2Fv2%2Fpages%2F24#wpcf7-f32-o1\" method=\"post\" class=\"wpcf7-form init\" aria-label=\"Formulaire de contact\" novalidate=\"novalidate\" data-status=\"init\">\n<fieldset class=\"hidden-fields-container\"><input type=\"hidden\" name=\"_wpcf7\" value=\"32\" \/><input type=\"hidden\" name=\"_wpcf7_version\" value=\"6.1.5\" \/><input type=\"hidden\" name=\"_wpcf7_locale\" value=\"fr_FR\" \/><input type=\"hidden\" name=\"_wpcf7_unit_tag\" value=\"wpcf7-f32-o1\" \/><input type=\"hidden\" name=\"_wpcf7_container_post\" value=\"0\" \/><input type=\"hidden\" name=\"_wpcf7_posted_data_hash\" value=\"\" \/>\n<\/fieldset>\n<p>Nom et Pr\u00e9nom (obligatoire)\n<\/p>\n<p><span class=\"wpcf7-form-control-wrap\" data-name=\"your-name\"><input size=\"40\" maxlength=\"400\" class=\"wpcf7-form-control wpcf7-text wpcf7-validates-as-required\" aria-required=\"true\" aria-invalid=\"false\" value=\"\" type=\"text\" name=\"your-name\" \/><\/span>\n<\/p>\n<p>Email (obligatoire)\n<\/p>\n<p><span class=\"wpcf7-form-control-wrap\" data-name=\"your-email\"><input size=\"40\" maxlength=\"400\" class=\"wpcf7-form-control wpcf7-email wpcf7-validates-as-required wpcf7-text wpcf7-validates-as-email\" aria-required=\"true\" aria-invalid=\"false\" value=\"\" type=\"email\" name=\"your-email\" \/><\/span>\n<\/p>\n<p>T\u00e9l\u00e9phone : (obligatoire)\n<\/p>\n<p><span class=\"wpcf7-form-control-wrap\" data-name=\"tlphone\"><input size=\"40\" maxlength=\"400\" class=\"wpcf7-form-control wpcf7-text wpcf7-validates-as-required\" aria-required=\"true\" aria-invalid=\"false\" value=\"\" type=\"text\" name=\"tlphone\" \/><\/span>\n<\/p>\n<p>Adresse : (obligatoire)\n<\/p>\n<p><span class=\"wpcf7-form-control-wrap\" data-name=\"adresse\"><input size=\"40\" maxlength=\"400\" class=\"wpcf7-form-control wpcf7-text wpcf7-validates-as-required\" aria-required=\"true\" aria-invalid=\"false\" value=\"\" type=\"text\" name=\"adresse\" \/><\/span>\n<\/p>\n<p>Code postal : (obligatoire)\n<\/p>\n<p><span class=\"wpcf7-form-control-wrap\" data-name=\"code\"><input size=\"40\" maxlength=\"400\" class=\"wpcf7-form-control wpcf7-text wpcf7-validates-as-required\" aria-required=\"true\" aria-invalid=\"false\" value=\"\" type=\"text\" name=\"code\" \/><\/span>\n<\/p>\n<p>Ville: (obligatoire)\n<\/p>\n<p><span class=\"wpcf7-form-control-wrap\" data-name=\"commune\"><input size=\"40\" maxlength=\"400\" class=\"wpcf7-form-control wpcf7-text wpcf7-validates-as-required\" aria-required=\"true\" aria-invalid=\"false\" value=\"\" type=\"text\" name=\"commune\" \/><\/span>\n<\/p>\n<p>Pays: (obligatoire)\n<\/p>\n<p><span class=\"wpcf7-form-control-wrap\" data-name=\"Pays\"><select class=\"wpcf7-form-control wpcf7-select wpcf7-validates-as-required\" aria-required=\"true\" aria-invalid=\"false\" name=\"Pays\"><option value=\"\">&#8212;Veuillez choisir une option&#8212;<\/option><option value=\"Belgique\">Belgique<\/option><option value=\"France\">France<\/option><option value=\"Luxembourg\">Luxembourg<\/option><option value=\"Suisse\">Suisse<\/option><\/select><\/span>\n<\/p>\n<p>Nombre de taupini\u00e8res : (obligatoire)\n<\/p>\n<p><span class=\"wpcf7-form-control-wrap\" data-name=\"NbredeTaupinieres:\"><select class=\"wpcf7-form-control wpcf7-select wpcf7-validates-as-required\" aria-required=\"true\" aria-invalid=\"false\" name=\"NbredeTaupinieres:\"><option value=\"\">&#8212;Veuillez choisir une option&#8212;<\/option><option value=\"1 \u00e0 20\">1 \u00e0 20<\/option><option value=\"21 \u00e0 50\">21 \u00e0 50<\/option><option value=\"50 \u00e0 100\">50 \u00e0 100<\/option><option value=\"+ de 100\">+ de 100<\/option><\/select><\/span>\n<\/p>\n<p>Superficie du jardin : (obligatoire)\n<\/p>\n<p><span class=\"wpcf7-form-control-wrap\" data-name=\"Superficiedujardin:\"><select class=\"wpcf7-form-control wpcf7-select wpcf7-validates-as-required\" aria-required=\"true\" aria-invalid=\"false\" name=\"Superficiedujardin:\"><option value=\"\">&#8212;Veuillez choisir une option&#8212;<\/option><option value=\"1 - 15 Ares\">1 - 15 Ares<\/option><option value=\"15 - 30  Ares\">15 - 30  Ares<\/option><option value=\"Plus de 30 Ares\">Plus de 30 Ares<\/option><\/select><\/span>\n<\/p>\n<p>Environnement : (obligatoire)\n<\/p>\n<p><span class=\"wpcf7-form-control-wrap\" data-name=\"Environnement\"><select class=\"wpcf7-form-control wpcf7-select wpcf7-validates-as-required\" aria-required=\"true\" aria-invalid=\"false\" name=\"Environnement\"><option value=\"\">&#8212;Veuillez choisir une option&#8212;<\/option><option value=\"bois\/for\u00eat\">bois\/for\u00eat<\/option><option value=\"champs\/prairies\">champs\/prairies<\/option><option value=\"Entour\u00e9 de voisin envahie\">Entour\u00e9 de voisin envahie<\/option><option value=\"Entour\u00e9 de voisin non envahies\">Entour\u00e9 de voisin non envahies<\/option><option value=\"Etang ou ruisseau \u00e0 proximit\u00e9\">Etang ou ruisseau \u00e0 proximit\u00e9<\/option><option value=\"Golf\">Golf<\/option><option value=\"Zone Industriel\">Zone Industriel<\/option><option value=\"Zone urbaine\">Zone urbaine<\/option><option value=\"Autre\">Autre<\/option><\/select><\/span>\n<\/p>\n<p>Remarques :\n<\/p>\n<p><span class=\"wpcf7-form-control-wrap\" data-name=\"your-message\"><textarea cols=\"40\" rows=\"10\" maxlength=\"2000\" class=\"wpcf7-form-control wpcf7-textarea\" aria-invalid=\"false\" name=\"your-message\"><\/textarea><\/span>\n<\/p>\n<p>Code de validation :\n<\/p>\n<p><br \/>\n<span class=\"wpcf7-form-control-wrap\" data-name=\"captcha-185\"><input size=\"40\" class=\"wpcf7-form-control wpcf7-captchar\" autocomplete=\"off\" aria-invalid=\"false\" value=\"\" type=\"text\" name=\"captcha-185\" \/><\/span>\n<\/p>\n<p><input class=\"wpcf7-form-control wpcf7-submit has-spinner\" type=\"submit\" value=\"Envoyer\" \/>\n<\/p><div class=\"wpcf7-response-output\" aria-hidden=\"true\"><\/div>\n<\/form>\n<\/div>\n\n<p>&nbsp;<\/p>\n","protected":false},"excerpt":{"rendered":"<p>Compl\u00e9ter la demande le formulaire ci-dessous et nous le transmettrons gratuitement vers un de nos maitres taupiers certifi\u00e9s le plus pr\u00e9s de chez vous en Belgique, en France, en Suisse et au Luxembourg. &nbsp;<\/p>\n","protected":false},"author":2,"featured_media":0,"parent":0,"menu_order":6,"comment_status":"closed","ping_status":"open","template":"","meta":{"_monsterinsights_skip_tracking":false,"_monsterinsights_sitenote_active":false,"_monsterinsights_sitenote_note":"","_monsterinsights_sitenote_category":0,"footnotes":""},"class_list":["post-24","page","type-page","status-publish","hentry"],"_links":{"self":[{"href":"http:\/\/www.ecoledetaupier.com\/index.php?rest_route=\/wp\/v2\/pages\/24","targetHints":{"allow":["GET"]}}],"collection":[{"href":"http:\/\/www.ecoledetaupier.com\/index.php?rest_route=\/wp\/v2\/pages"}],"about":[{"href":"http:\/\/www.ecoledetaupier.com\/index.php?rest_route=\/wp\/v2\/types\/page"}],"author":[{"embeddable":true,"href":"http:\/\/www.ecoledetaupier.com\/index.php?rest_route=\/wp\/v2\/users\/2"}],"replies":[{"embeddable":true,"href":"http:\/\/www.ecoledetaupier.com\/index.php?rest_route=%2Fwp%2Fv2%2Fcomments&post=24"}],"version-history":[{"count":5,"href":"http:\/\/www.ecoledetaupier.com\/index.php?rest_route=\/wp\/v2\/pages\/24\/revisions"}],"predecessor-version":[{"id":42,"href":"http:\/\/www.ecoledetaupier.com\/index.php?rest_route=\/wp\/v2\/pages\/24\/revisions\/42"}],"wp:attachment":[{"href":"http:\/\/www.ecoledetaupier.com\/index.php?rest_route=%2Fwp%2Fv2%2Fmedia&parent=24"}],"curies":[{"name":"wp","href":"https:\/\/api.w.org\/{rel}","templated":true}]}}